{"id":437,"date":"2023-04-25T16:50:33","date_gmt":"2023-04-25T14:50:33","guid":{"rendered":"https:\/\/alicemarteau.fr\/?page_id=437"},"modified":"2023-11-11T18:57:26","modified_gmt":"2023-11-11T17:57:26","slug":"coaching-flash","status":"publish","type":"page","link":"https:\/\/alicemarteau.fr\/index.php\/coaching-flash\/","title":{"rendered":""},"content":{"rendered":"\t\t<div data-elementor-type=\"wp-page\" data-elementor-id=\"437\" class=\"elementor elementor-437\">\n\t\t\t\t\t\t<section class=\"elementor-section elementor-top-section elementor-element elementor-element-f1f3a41 elementor-section-boxed elementor-section-height-default elementor-section-height-default\" data-id=\"f1f3a41\" data-element_type=\"section\" data-e-type=\"section\">\n\t\t\t\t\t\t<div class=\"elementor-container elementor-column-gap-default\">\n\t\t\t\t\t<div class=\"elementor-column elementor-col-100 elementor-top-column elementor-element elementor-element-9d21ec1\" data-id=\"9d21ec1\" data-element_type=\"column\" data-e-type=\"column\">\n\t\t\t<div class=\"elementor-widget-wrap elementor-element-populated\">\n\t\t\t\t\t\t<div class=\"elementor-element elementor-element-5b703a5 elementor-widget elementor-widget-heading\" data-id=\"5b703a5\" data-element_type=\"widget\" data-e-type=\"widget\" data-widget_type=\"heading.default\">\n\t\t\t\t<div class=\"elementor-widget-container\">\n\t\t\t\t\t<h2 class=\"elementor-heading-title elementor-size-default\">Coaching Flash pour les particuliers<\/h2>\t\t\t\t<\/div>\n\t\t\t\t<\/div>\n\t\t\t\t<div class=\"elementor-element elementor-element-55e72d1 elementor-widget elementor-widget-text-editor\" data-id=\"55e72d1\" data-element_type=\"widget\" data-e-type=\"widget\" data-widget_type=\"text-editor.default\">\n\t\t\t\t<div class=\"elementor-widget-container\">\n\t\t\t\t\t\t\t\t\t<p>Le coaching professionnel est une prestation initialement con\u00e7ue pour les entreprises. Je propose ici une prestation adapt\u00e9e au particulier : <strong>Un travail en 1 s\u00e9ance de 50 minutes avec l&rsquo;\u00e9mergence de r\u00e9sultats.<\/strong><\/p><p>Chaque personne est unique et complexe. Nous disposons tous d&rsquo;une tr\u00e8s grande ressource interne. L&rsquo;exploration de sa carte mentale ouvre notre esprit \u00e0 de composantes non exploit\u00e9es. Un questionnement sp\u00e9cifique permet d&rsquo;explorer ses propres ressources tout en limitant l&rsquo;influence des questions du coach.<\/p><p>Alors \u00e0 chacun de cr\u00e9er son chemin ! En coaching, nous consid\u00e9rons que le client est ma\u00eetre du contenu. Il en est l&rsquo;expert.<\/p><p>La technique que je propose dans cette offre s&rsquo;appuie sur ma formation au \u00ab\u00a0<em>clean language\u00a0\u00bb<\/em>. J&rsquo;utilise des supports visuels tels que le photolangage et le dessin pour aider l&rsquo;exploration de l&rsquo;inconnu \u00e0 travers des m\u00e9taphores.<\/p><p>A vous d&rsquo;avancer ! Contactez moi.<\/p>\t\t\t\t\t\t\t\t<\/div>\n\t\t\t\t<\/div>\n\t\t\t\t<section class=\"elementor-section elementor-inner-section elementor-element elementor-element-408d9e8 elementor-section-boxed elementor-section-height-default elementor-section-height-default\" data-id=\"408d9e8\" data-element_type=\"section\" data-e-type=\"section\">\n\t\t\t\t\t\t<div class=\"elementor-container elementor-column-gap-default\">\n\t\t\t\t\t<div class=\"elementor-column elementor-col-50 elementor-inner-column elementor-element elementor-element-8eb3f5f\" data-id=\"8eb3f5f\" data-element_type=\"column\" data-e-type=\"column\">\n\t\t\t<div class=\"elementor-widget-wrap elementor-element-populated\">\n\t\t\t\t\t\t<div class=\"elementor-element elementor-element-9206e25 elementor-widget elementor-widget-image\" data-id=\"9206e25\" data-element_type=\"widget\" data-e-type=\"widget\" data-widget_type=\"image.default\">\n\t\t\t\t<div class=\"elementor-widget-container\">\n\t\t\t\t\t\t\t\t\t\t\t\t\t\t\t<img fetchpriority=\"high\" decoding=\"async\" width=\"580\" height=\"820\" src=\"https:\/\/alicemarteau.fr\/wp-content\/uploads\/2022\/02\/Le-SPA-Flyer-11-768x1086.jpg\" class=\"attachment-medium_large size-medium_large wp-image-352\" alt=\"\" srcset=\"https:\/\/alicemarteau.fr\/wp-content\/uploads\/2022\/02\/Le-SPA-Flyer-11-768x1086.jpg 768w, https:\/\/alicemarteau.fr\/wp-content\/uploads\/2022\/02\/Le-SPA-Flyer-11-212x300.jpg 212w, https:\/\/alicemarteau.fr\/wp-content\/uploads\/2022\/02\/Le-SPA-Flyer-11-724x1024.jpg 724w, https:\/\/alicemarteau.fr\/wp-content\/uploads\/2022\/02\/Le-SPA-Flyer-11-1086x1536.jpg 1086w, https:\/\/alicemarteau.fr\/wp-content\/uploads\/2022\/02\/Le-SPA-Flyer-11-1200x1697.jpg 1200w, https:\/\/alicemarteau.fr\/wp-content\/uploads\/2022\/02\/Le-SPA-Flyer-11.jpg 1414w\" sizes=\"(max-width: 580px) 100vw, 580px\" \/>\t\t\t\t\t\t\t\t\t\t\t\t\t\t\t<\/div>\n\t\t\t\t<\/div>\n\t\t\t\t\t<\/div>\n\t\t<\/div>\n\t\t\t\t<div class=\"elementor-column elementor-col-50 elementor-inner-column elementor-element elementor-element-36f9c9f\" data-id=\"36f9c9f\" data-element_type=\"column\" data-e-type=\"column\">\n\t\t\t<div class=\"elementor-widget-wrap elementor-element-populated\">\n\t\t\t\t\t\t<div class=\"elementor-element elementor-element-5b49ddf elementor-widget elementor-widget-heading\" data-id=\"5b49ddf\" data-element_type=\"widget\" data-e-type=\"widget\" data-widget_type=\"heading.default\">\n\t\t\t\t<div class=\"elementor-widget-container\">\n\t\t\t\t\t<h2 class=\"elementor-heading-title elementor-size-default\">Contenu de la s\u00e9ance<\/h2>\t\t\t\t<\/div>\n\t\t\t\t<\/div>\n\t\t\t\t<div class=\"elementor-element elementor-element-f193c07 elementor-widget elementor-widget-text-editor\" data-id=\"f193c07\" data-element_type=\"widget\" data-e-type=\"widget\" data-widget_type=\"text-editor.default\">\n\t\t\t\t<div class=\"elementor-widget-container\">\n\t\t\t\t\t\t\t\t\t<p>Cadrage de son objectif et zoom sur l&rsquo;intention de la s\u00e9ance<\/p><p>Exploration du contexte<\/p><ol><li>D\u00e9finition des \u00e9l\u00e9ments cl\u00e9s<\/li><li>Emergence des nouvelles id\u00e9es<\/li><li>Evaluation des causes et cons\u00e9quences<\/li><\/ol><p>Consolidation des id\u00e9es retenues<\/p><p>D\u00e9finition des actions concr\u00e8tes<\/p>\t\t\t\t\t\t\t\t<\/div>\n\t\t\t\t<\/div>\n\t\t\t\t\t<\/div>\n\t\t<\/div>\n\t\t\t\t\t<\/div>\n\t\t<\/section>\n\t\t\t\t<section class=\"elementor-section elementor-inner-section elementor-element elementor-element-437795b elementor-section-boxed elementor-section-height-default elementor-section-height-default\" data-id=\"437795b\" data-element_type=\"section\" data-e-type=\"section\">\n\t\t\t\t\t\t<div class=\"elementor-container elementor-column-gap-default\">\n\t\t\t\t\t<div class=\"elementor-column elementor-col-50 elementor-inner-column elementor-element elementor-element-d0a36e9\" data-id=\"d0a36e9\" data-element_type=\"column\" data-e-type=\"column\">\n\t\t\t<div class=\"elementor-widget-wrap elementor-element-populated\">\n\t\t\t\t\t\t<div class=\"elementor-element elementor-element-3cf1569 elementor-widget elementor-widget-heading\" data-id=\"3cf1569\" data-element_type=\"widget\" data-e-type=\"widget\" data-widget_type=\"heading.default\">\n\t\t\t\t<div class=\"elementor-widget-container\">\n\t\t\t\t\t<h2 class=\"elementor-heading-title elementor-size-default\">Plus d'informations sur le clean language<\/h2>\t\t\t\t<\/div>\n\t\t\t\t<\/div>\n\t\t\t\t<div class=\"elementor-element elementor-element-66cde35 elementor-widget elementor-widget-text-editor\" data-id=\"66cde35\" data-element_type=\"widget\" data-e-type=\"widget\" data-widget_type=\"text-editor.default\">\n\t\t\t\t<div class=\"elementor-widget-container\">\n\t\t\t\t\t\t\t\t\t<p>Le \u00ab\u00a0<em>Clean language<\/em>\u00a0\u00bb est une technique linguistique invent\u00e9e par David Grove. Son utilisation permet d&rsquo;instaurer un dialogue avec la m\u00e9taphore personnelle du client. <br \/>Elle est bas\u00e9e sur la formulation de questions concr\u00e8tes, minimalistes et directes, ce qui aide les clients \u00e0 consacrer toute leur \u00e9nergie \u00e0\u00a0 trouver leurs propres solutions en accord avec leur mod\u00e8le du monde.<\/p>\t\t\t\t\t\t\t\t<\/div>\n\t\t\t\t<\/div>\n\t\t\t\t\t<\/div>\n\t\t<\/div>\n\t\t\t\t<div class=\"elementor-column elementor-col-50 elementor-inner-column elementor-element elementor-element-5e96479\" data-id=\"5e96479\" data-element_type=\"column\" data-e-type=\"column\">\n\t\t\t<div class=\"elementor-widget-wrap elementor-element-populated\">\n\t\t\t\t\t\t<div class=\"elementor-element elementor-element-db64b9c elementor-widget elementor-widget-image\" data-id=\"db64b9c\" data-element_type=\"widget\" data-e-type=\"widget\" data-widget_type=\"image.default\">\n\t\t\t\t<div class=\"elementor-widget-container\">\n\t\t\t\t\t\t\t\t\t\t\t\t\t\t\t<img decoding=\"async\" width=\"238\" height=\"297\" src=\"https:\/\/alicemarteau.fr\/wp-content\/uploads\/2022\/01\/Offre-photolangage.png\" class=\"attachment-large size-large wp-image-313\" alt=\"\" \/>\t\t\t\t\t\t\t\t\t\t\t\t\t\t\t<\/div>\n\t\t\t\t<\/div>\n\t\t\t\t\t<\/div>\n\t\t<\/div>\n\t\t\t\t\t<\/div>\n\t\t<\/section>\n\t\t\t\t<div class=\"elementor-element elementor-element-da389d6 elementor-widget elementor-widget-heading\" data-id=\"da389d6\" data-element_type=\"widget\" data-e-type=\"widget\" data-widget_type=\"heading.default\">\n\t\t\t\t<div class=\"elementor-widget-container\">\n\t\t\t\t\t<h2 class=\"elementor-heading-title elementor-size-default\">Vos avis ...<\/h2>\t\t\t\t<\/div>\n\t\t\t\t<\/div>\n\t\t\t\t<div class=\"elementor-element elementor-element-346c654 elementor-widget elementor-widget-text-editor\" data-id=\"346c654\" data-element_type=\"widget\" data-e-type=\"widget\" data-widget_type=\"text-editor.default\">\n\t\t\t\t<div class=\"elementor-widget-container\">\n\t\t\t\t\t\t\t\t\t<p><strong>Fabrice, le 28 janvier 2022.<\/strong><\/p><p><em>Chef de projet agile aupr\u00e8s de clients vari\u00e9s, j&rsquo;\u00e9tais au d\u00e9part r\u00e9serv\u00e9 au sujet des principes du clean coaching (comment une s\u00e9ance de 50 minutes pourrait-elle donner des r\u00e9sultats constructifs?). Je confirme pourtant avoir \u00e9t\u00e9 agr\u00e9ablement surpris par la m\u00e9thode employ\u00e9e par Madame Marteau: Le r\u00e9sultat final est efficace et pertinent, dans l&rsquo;optique d&rsquo;une prise de poste.<\/em><\/p><div dir=\"ltr\"><div><p><em>Le processus nous am\u00e8ne rapidement vers le choix d&rsquo;une photo parmi des dizaines, dont l&rsquo;examen d\u00e9taill\u00e9 va servir de fil conducteur. Pour ma part, j&rsquo;ai choisi une \u00e9quipe en r\u00e9union. En approfondissant ce qui attire mon attention dans cette image s\u00e9lectionn\u00e9e, des premi\u00e8res id\u00e9es \u00e9mergent. Puis se pr\u00e9cisent: ma conception du management (un bon chef), d&rsquo;une composition d&rsquo;\u00e9quipe id\u00e9ale (\u00ab\u00a0\u00e9quilibr\u00e9e\u00a0\u00bb), de la mixit\u00e9 sous toutes ses formes , de l&rsquo;autorit\u00e9 (comment je veux g\u00e9rer les conflits, faire face aux provocations de ceux qui se heurtent aux changements), etc.<\/em><\/p><p><em>Ce que je savais de fa\u00e7on latente mais emm\u00eal\u00e9 s&rsquo;est retrouv\u00e9 explicit\u00e9 et hi\u00e9rarchis\u00e9. C&rsquo;est la force de la m\u00e9thode: explorer ma carte mentale gr\u00e2ce au questionnement sp\u00e9cifique et discret de Madame Marteau.<\/em><\/p><p><em>Les id\u00e9es claires, je suis reparti plein d&rsquo;\u00e9lan avec un canevas pour la mise en action.<\/em><\/p><p><i>Fabrice, chef de projet agile chez AKKA technologie.<\/i><\/p><\/div><\/div>\t\t\t\t\t\t\t\t<\/div>\n\t\t\t\t<\/div>\n\t\t\t\t\t<\/div>\n\t\t<\/div>\n\t\t\t\t\t<\/div>\n\t\t<\/section>\n\t\t\t\t<\/div>\n\t\t","protected":false},"excerpt":{"rendered":"<p>Coaching Flash pour les particuliers Le coaching professionnel est une prestation initialement con\u00e7ue pour les entreprises. Je propose ici une prestation adapt\u00e9e au particulier : Un travail en 1 s\u00e9ance de 50 minutes avec l&rsquo;\u00e9mergence de r\u00e9sultats. Chaque personne est unique et complexe. Nous disposons tous d&rsquo;une tr\u00e8s grande ressource interne. L&rsquo;exploration de sa carte [&hellip;]<\/p>\n","protected":false},"author":2,"featured_media":0,"parent":0,"menu_order":0,"comment_status":"closed","ping_status":"closed","template":"templates\/template-full-width.php","meta":{"footnotes":""},"class_list":["post-437","page","type-page","status-publish","hentry"],"_links":{"self":[{"href":"https:\/\/alicemarteau.fr\/index.php\/wp-json\/wp\/v2\/pages\/437","targetHints":{"allow":["GET"]}}],"collection":[{"href":"https:\/\/alicemarteau.fr\/index.php\/wp-json\/wp\/v2\/pages"}],"about":[{"href":"https:\/\/alicemarteau.fr\/index.php\/wp-json\/wp\/v2\/types\/page"}],"author":[{"embeddable":true,"href":"https:\/\/alicemarteau.fr\/index.php\/wp-json\/wp\/v2\/users\/2"}],"replies":[{"embeddable":true,"href":"https:\/\/alicemarteau.fr\/index.php\/wp-json\/wp\/v2\/comments?post=437"}],"version-history":[{"count":14,"href":"https:\/\/alicemarteau.fr\/index.php\/wp-json\/wp\/v2\/pages\/437\/revisions"}],"predecessor-version":[{"id":1053,"href":"https:\/\/alicemarteau.fr\/index.php\/wp-json\/wp\/v2\/pages\/437\/revisions\/1053"}],"wp:attachment":[{"href":"https:\/\/alicemarteau.fr\/index.php\/wp-json\/wp\/v2\/media?parent=437"}],"curies":[{"name":"wp","href":"https:\/\/api.w.org\/{rel}","templated":true}]}}