{"id":462,"date":"2023-04-25T17:47:13","date_gmt":"2023-04-25T15:47:13","guid":{"rendered":"https:\/\/alicemarteau.fr\/?page_id=462"},"modified":"2023-11-12T18:42:43","modified_gmt":"2023-11-12T17:42:43","slug":"posters","status":"publish","type":"page","link":"https:\/\/alicemarteau.fr\/index.php\/posters\/","title":{"rendered":""},"content":{"rendered":"\t\t<div data-elementor-type=\"wp-page\" data-elementor-id=\"462\" class=\"elementor elementor-462\">\n\t\t\t\t\t\t<section class=\"elementor-section elementor-top-section elementor-element elementor-element-f1f3a41 elementor-section-boxed elementor-section-height-default elementor-section-height-default\" data-id=\"f1f3a41\" data-element_type=\"section\" data-e-type=\"section\">\n\t\t\t\t\t\t<div class=\"elementor-container elementor-column-gap-default\">\n\t\t\t\t\t<div class=\"elementor-column elementor-col-100 elementor-top-column elementor-element elementor-element-9d21ec1\" data-id=\"9d21ec1\" data-element_type=\"column\" data-e-type=\"column\">\n\t\t\t<div class=\"elementor-widget-wrap elementor-element-populated\">\n\t\t\t\t\t\t<div class=\"elementor-element elementor-element-949cd2c elementor-widget elementor-widget-text-editor\" data-id=\"949cd2c\" data-element_type=\"widget\" data-e-type=\"widget\" data-widget_type=\"text-editor.default\">\n\t\t\t\t<div class=\"elementor-widget-container\">\n\t\t\t\t\t\t\t\t\t<p>Les supports visuels sont des outils tr\u00e8s efficaces pour soi ou en groupe. Je partage ici des exemples r\u00e9alis\u00e9s.<\/p><p>Si tu as besoin de te convaincre de ta capacit\u00e9 \u00e0 r\u00e9aliser des supports vicuels, tu peux lire l&rsquo;article <em><a href=\"https:\/\/alicemarteau.fr\/index.php\/2019\/02\/20\/aller-de-lavant\/\">Aller de l&rsquo;avant<\/a><\/em>.<\/p>\t\t\t\t\t\t\t\t<\/div>\n\t\t\t\t<\/div>\n\t\t\t\t<section class=\"elementor-section elementor-inner-section elementor-element elementor-element-c814853 elementor-section-boxed elementor-section-height-default elementor-section-height-default\" data-id=\"c814853\" data-element_type=\"section\" data-e-type=\"section\">\n\t\t\t\t\t\t<div class=\"elementor-container elementor-column-gap-default\">\n\t\t\t\t\t<div class=\"elementor-column elementor-col-50 elementor-inner-column elementor-element elementor-element-69fc467\" data-id=\"69fc467\" data-element_type=\"column\" data-e-type=\"column\">\n\t\t\t<div class=\"elementor-widget-wrap elementor-element-populated\">\n\t\t\t\t\t\t<div class=\"elementor-element elementor-element-b1e516f elementor-widget elementor-widget-image\" data-id=\"b1e516f\" data-element_type=\"widget\" data-e-type=\"widget\" data-widget_type=\"image.default\">\n\t\t\t\t<div class=\"elementor-widget-container\">\n\t\t\t\t\t\t\t\t\t\t\t\t\t\t\t<img fetchpriority=\"high\" decoding=\"async\" width=\"214\" height=\"300\" src=\"https:\/\/alicemarteau.fr\/wp-content\/uploads\/2023\/04\/pancartes_bulles-de-coaching-214x300.png\" class=\"attachment-medium size-medium wp-image-451\" alt=\"\" srcset=\"https:\/\/alicemarteau.fr\/wp-content\/uploads\/2023\/04\/pancartes_bulles-de-coaching-214x300.png 214w, https:\/\/alicemarteau.fr\/wp-content\/uploads\/2023\/04\/pancartes_bulles-de-coaching-732x1024.png 732w, https:\/\/alicemarteau.fr\/wp-content\/uploads\/2023\/04\/pancartes_bulles-de-coaching-768x1075.png 768w, https:\/\/alicemarteau.fr\/wp-content\/uploads\/2023\/04\/pancartes_bulles-de-coaching.png 876w\" sizes=\"(max-width: 214px) 100vw, 214px\" \/>\t\t\t\t\t\t\t\t\t\t\t\t\t\t\t<\/div>\n\t\t\t\t<\/div>\n\t\t\t\t\t<\/div>\n\t\t<\/div>\n\t\t\t\t<div class=\"elementor-column elementor-col-50 elementor-inner-column elementor-element elementor-element-6e55651\" data-id=\"6e55651\" data-element_type=\"column\" data-e-type=\"column\">\n\t\t\t<div class=\"elementor-widget-wrap elementor-element-populated\">\n\t\t\t\t\t\t<div class=\"elementor-element elementor-element-6114038 elementor-widget elementor-widget-text-editor\" data-id=\"6114038\" data-element_type=\"widget\" data-e-type=\"widget\" data-widget_type=\"text-editor.default\">\n\t\t\t\t<div class=\"elementor-widget-container\">\n\t\t\t\t\t\t\t\t\t<p>Support visuel pour faciliter les bulles de coaching.<\/p><p>Dimension : 66&#215;93 cm<\/p>\t\t\t\t\t\t\t\t<\/div>\n\t\t\t\t<\/div>\n\t\t\t\t<div class=\"elementor-element elementor-element-cf22f94 elementor-widget elementor-widget-text-editor\" data-id=\"cf22f94\" data-element_type=\"widget\" data-e-type=\"widget\" data-widget_type=\"text-editor.default\">\n\t\t\t\t<div class=\"elementor-widget-container\">\n\t\t\t\t\t\t\t\t\t<p>L&rsquo;article \u00ab\u00a0<a href=\"https:\/\/alicemarteau.fr\/index.php\/2023\/11\/12\/intervision-saint-medard-il-etait-une-fois-un-groupe\/\">Intervision Saint M\u00e9dard, il \u00e9tait une fois un groupe&#8230;<\/a>\u00a0\u00bb d\u00e9crit le contexte qui a men\u00e9 \u00e0 la r\u00e9alisation de ce support visuel.<\/p>\t\t\t\t\t\t\t\t<\/div>\n\t\t\t\t<\/div>\n\t\t\t\t\t<\/div>\n\t\t<\/div>\n\t\t\t\t\t<\/div>\n\t\t<\/section>\n\t\t\t\t<section class=\"elementor-section elementor-inner-section elementor-element elementor-element-408d9e8 elementor-section-boxed elementor-section-height-default elementor-section-height-default\" data-id=\"408d9e8\" data-element_type=\"section\" data-e-type=\"section\">\n\t\t\t\t\t\t<div class=\"elementor-container elementor-column-gap-default\">\n\t\t\t\t\t<div class=\"elementor-column elementor-col-50 elementor-inner-column elementor-element elementor-element-8eb3f5f\" data-id=\"8eb3f5f\" data-element_type=\"column\" data-e-type=\"column\">\n\t\t\t<div class=\"elementor-widget-wrap elementor-element-populated\">\n\t\t\t\t\t\t<div class=\"elementor-element elementor-element-9206e25 elementor-widget elementor-widget-image\" data-id=\"9206e25\" data-element_type=\"widget\" data-e-type=\"widget\" data-widget_type=\"image.default\">\n\t\t\t\t<div class=\"elementor-widget-container\">\n\t\t\t\t\t\t\t\t\t\t\t\t\t\t\t<img decoding=\"async\" width=\"211\" height=\"300\" src=\"https:\/\/alicemarteau.fr\/wp-content\/uploads\/2023\/04\/pancartes_mecanismes-de-l-accompagnement-211x300.png\" class=\"attachment-medium size-medium wp-image-457\" alt=\"\" srcset=\"https:\/\/alicemarteau.fr\/wp-content\/uploads\/2023\/04\/pancartes_mecanismes-de-l-accompagnement-211x300.png 211w, https:\/\/alicemarteau.fr\/wp-content\/uploads\/2023\/04\/pancartes_mecanismes-de-l-accompagnement.png 616w\" sizes=\"(max-width: 211px) 100vw, 211px\" \/>\t\t\t\t\t\t\t\t\t\t\t\t\t\t\t<\/div>\n\t\t\t\t<\/div>\n\t\t\t\t\t<\/div>\n\t\t<\/div>\n\t\t\t\t<div class=\"elementor-column elementor-col-50 elementor-inner-column elementor-element elementor-element-36f9c9f\" data-id=\"36f9c9f\" data-element_type=\"column\" data-e-type=\"column\">\n\t\t\t<div class=\"elementor-widget-wrap elementor-element-populated\">\n\t\t\t\t\t\t<div class=\"elementor-element elementor-element-f193c07 elementor-widget elementor-widget-text-editor\" data-id=\"f193c07\" data-element_type=\"widget\" data-e-type=\"widget\" data-widget_type=\"text-editor.default\">\n\t\t\t\t<div class=\"elementor-widget-container\">\n\t\t\t\t\t\t\t\t\t<p>Support visuel pour illustrer l&rsquo;accompagnement.<\/p>\n<p>Dimension : 66&#215;93 cm<\/p>\t\t\t\t\t\t\t\t<\/div>\n\t\t\t\t<\/div>\n\t\t\t\t\t<\/div>\n\t\t<\/div>\n\t\t\t\t\t<\/div>\n\t\t<\/section>\n\t\t\t\t\t<\/div>\n\t\t<\/div>\n\t\t\t\t\t<\/div>\n\t\t<\/section>\n\t\t\t\t<\/div>\n\t\t","protected":false},"excerpt":{"rendered":"<p>Les supports visuels sont des outils tr\u00e8s efficaces pour soi ou en groupe. Je partage ici des exemples r\u00e9alis\u00e9s. Si tu as besoin de te convaincre de ta capacit\u00e9 \u00e0 r\u00e9aliser des supports vicuels, tu peux lire l&rsquo;article Aller de l&rsquo;avant. Support visuel pour faciliter les bulles de coaching. Dimension : 66&#215;93 cm L&rsquo;article \u00ab\u00a0Intervision [&hellip;]<\/p>\n","protected":false},"author":2,"featured_media":0,"parent":0,"menu_order":0,"comment_status":"closed","ping_status":"closed","template":"templates\/template-full-width.php","meta":{"footnotes":""},"class_list":["post-462","page","type-page","status-publish","hentry"],"_links":{"self":[{"href":"https:\/\/alicemarteau.fr\/index.php\/wp-json\/wp\/v2\/pages\/462","targetHints":{"allow":["GET"]}}],"collection":[{"href":"https:\/\/alicemarteau.fr\/index.php\/wp-json\/wp\/v2\/pages"}],"about":[{"href":"https:\/\/alicemarteau.fr\/index.php\/wp-json\/wp\/v2\/types\/page"}],"author":[{"embeddable":true,"href":"https:\/\/alicemarteau.fr\/index.php\/wp-json\/wp\/v2\/users\/2"}],"replies":[{"embeddable":true,"href":"https:\/\/alicemarteau.fr\/index.php\/wp-json\/wp\/v2\/comments?post=462"}],"version-history":[{"count":36,"href":"https:\/\/alicemarteau.fr\/index.php\/wp-json\/wp\/v2\/pages\/462\/revisions"}],"predecessor-version":[{"id":1194,"href":"https:\/\/alicemarteau.fr\/index.php\/wp-json\/wp\/v2\/pages\/462\/revisions\/1194"}],"wp:attachment":[{"href":"https:\/\/alicemarteau.fr\/index.php\/wp-json\/wp\/v2\/media?parent=462"}],"curies":[{"name":"wp","href":"https:\/\/api.w.org\/{rel}","templated":true}]}}