{"id":731,"date":"2023-04-29T08:45:31","date_gmt":"2023-04-29T06:45:31","guid":{"rendered":"https:\/\/alicemarteau.fr\/?page_id=731"},"modified":"2023-11-12T19:50:54","modified_gmt":"2023-11-12T18:50:54","slug":"listes-des-articles","status":"publish","type":"page","link":"https:\/\/alicemarteau.fr\/index.php\/listes-des-articles\/","title":{"rendered":""},"content":{"rendered":"\t\t<div data-elementor-type=\"wp-page\" data-elementor-id=\"731\" class=\"elementor elementor-731\">\n\t\t\t\t\t\t<section class=\"elementor-section elementor-top-section elementor-element elementor-element-3d595fc elementor-section-boxed elementor-section-height-default elementor-section-height-default\" data-id=\"3d595fc\" data-element_type=\"section\" data-e-type=\"section\">\n\t\t\t\t\t\t<div class=\"elementor-container elementor-column-gap-default\">\n\t\t\t\t\t<div class=\"elementor-column elementor-col-100 elementor-top-column elementor-element elementor-element-2d998c2\" data-id=\"2d998c2\" data-element_type=\"column\" data-e-type=\"column\">\n\t\t\t<div class=\"elementor-widget-wrap elementor-element-populated\">\n\t\t\t\t\t\t<div class=\"elementor-element elementor-element-9b6525b elementor-position-left elementor-vertical-align-top elementor-widget elementor-widget-image-box\" data-id=\"9b6525b\" data-element_type=\"widget\" data-e-type=\"widget\" data-widget_type=\"image-box.default\">\n\t\t\t\t<div class=\"elementor-widget-container\">\n\t\t\t\t\t<div class=\"elementor-image-box-wrapper\"><figure class=\"elementor-image-box-img\"><a href=\"https:\/\/alicemarteau.fr\/index.php\/2023\/11\/12\/intervision-saint-medard-il-etait-une-fois-un-groupe\/\" tabindex=\"-1\"><img decoding=\"async\" width=\"166\" height=\"146\" src=\"https:\/\/alicemarteau.fr\/wp-content\/uploads\/2023\/11\/un_groupe.png\" class=\"attachment-full size-full wp-image-1119\" alt=\"\" \/><\/a><\/figure><div class=\"elementor-image-box-content\"><h3 class=\"elementor-image-box-title\"><a href=\"https:\/\/alicemarteau.fr\/index.php\/2023\/11\/12\/intervision-saint-medard-il-etait-une-fois-un-groupe\/\">Intervision St M\u00e9dard<\/a><\/h3><p class=\"elementor-image-box-description\">Retour d'exp\u00e9rience de la cr\u00e9ation d'un groupe de pratique de coaching.\n            Plus d'info ...      \n(novembre 2023)\n\n<\/p><\/div><\/div>\t\t\t\t<\/div>\n\t\t\t\t<\/div>\n\t\t\t\t<div class=\"elementor-element elementor-element-299bc7b elementor-widget elementor-widget-spacer\" data-id=\"299bc7b\" data-element_type=\"widget\" data-e-type=\"widget\" data-widget_type=\"spacer.default\">\n\t\t\t\t<div class=\"elementor-widget-container\">\n\t\t\t\t\t\t\t<div class=\"elementor-spacer\">\n\t\t\t<div class=\"elementor-spacer-inner\"><\/div>\n\t\t<\/div>\n\t\t\t\t\t\t<\/div>\n\t\t\t\t<\/div>\n\t\t\t\t<div class=\"elementor-element elementor-element-d55a3f2 elementor-position-left elementor-vertical-align-top elementor-widget elementor-widget-image-box\" data-id=\"d55a3f2\" data-element_type=\"widget\" data-e-type=\"widget\" data-widget_type=\"image-box.default\">\n\t\t\t\t<div class=\"elementor-widget-container\">\n\t\t\t\t\t<div class=\"elementor-image-box-wrapper\"><figure class=\"elementor-image-box-img\"><a href=\"https:\/\/alicemarteau.fr\/index.php\/2020\/04\/28\/visual-board\/\" tabindex=\"-1\"><img decoding=\"async\" width=\"150\" height=\"150\" src=\"https:\/\/alicemarteau.fr\/wp-content\/uploads\/2023\/04\/VisualBoard3-150x150.jpeg\" class=\"attachment-thumbnail size-thumbnail wp-image-619\" alt=\"\" \/><\/a><\/figure><div class=\"elementor-image-box-content\"><h3 class=\"elementor-image-box-title\"><a href=\"https:\/\/alicemarteau.fr\/index.php\/2020\/04\/28\/visual-board\/\">Visual board<\/a><\/h3><p class=\"elementor-image-box-description\">Mettre en place le support visuel de l\u2019avancement du projet.\n            Plus d'info ...      \n(avril 2020)\n\n<\/p><\/div><\/div>\t\t\t\t<\/div>\n\t\t\t\t<\/div>\n\t\t\t\t<div class=\"elementor-element elementor-element-c2c562b elementor-widget elementor-widget-spacer\" data-id=\"c2c562b\" data-element_type=\"widget\" data-e-type=\"widget\" data-widget_type=\"spacer.default\">\n\t\t\t\t<div class=\"elementor-widget-container\">\n\t\t\t\t\t\t\t<div class=\"elementor-spacer\">\n\t\t\t<div class=\"elementor-spacer-inner\"><\/div>\n\t\t<\/div>\n\t\t\t\t\t\t<\/div>\n\t\t\t\t<\/div>\n\t\t\t\t<div class=\"elementor-element elementor-element-2677d14 elementor-position-left elementor-vertical-align-top elementor-widget elementor-widget-image-box\" data-id=\"2677d14\" data-element_type=\"widget\" data-e-type=\"widget\" data-widget_type=\"image-box.default\">\n\t\t\t\t<div class=\"elementor-widget-container\">\n\t\t\t\t\t<div class=\"elementor-image-box-wrapper\"><figure class=\"elementor-image-box-img\"><a href=\"https:\/\/alicemarteau.fr\/index.php\/2019\/02\/20\/aller-de-lavant\/\" tabindex=\"-1\"><img decoding=\"async\" width=\"150\" height=\"150\" src=\"https:\/\/alicemarteau.fr\/wp-content\/uploads\/2023\/04\/Fig1-150x150.jpg\" class=\"attachment-thumbnail size-thumbnail wp-image-517\" alt=\"Illustration de mon parcours professionnel en mind mapping.\" \/><\/a><\/figure><div class=\"elementor-image-box-content\"><h3 class=\"elementor-image-box-title\"><a href=\"https:\/\/alicemarteau.fr\/index.php\/2019\/02\/20\/aller-de-lavant\/\">Aller de l\u2019avant<\/a><\/h3><p class=\"elementor-image-box-description\">Alors, allons-y.\nPlus d'informations ... \n(f\u00e9vrier 2019)\n\n<\/p><\/div><\/div>\t\t\t\t<\/div>\n\t\t\t\t<\/div>\n\t\t\t\t\t<\/div>\n\t\t<\/div>\n\t\t\t\t\t<\/div>\n\t\t<\/section>\n\t\t\t\t<\/div>\n\t\t","protected":false},"excerpt":{"rendered":"<p>Intervision St M\u00e9dard Retour d&rsquo;exp\u00e9rience de la cr\u00e9ation d&rsquo;un groupe de pratique de coaching. Plus d&rsquo;info &#8230; (novembre 2023) Visual board Mettre en place le support visuel de l\u2019avancement du projet. Plus d&rsquo;info &#8230; (avril 2020) Aller de l\u2019avant Alors, allons-y. Plus d&rsquo;informations &#8230; (f\u00e9vrier 2019)<\/p>\n","protected":false},"author":2,"featured_media":0,"parent":0,"menu_order":0,"comment_status":"closed","ping_status":"closed","template":"templates\/template-full-width.php","meta":{"footnotes":""},"class_list":["post-731","page","type-page","status-publish","hentry"],"_links":{"self":[{"href":"https:\/\/alicemarteau.fr\/index.php\/wp-json\/wp\/v2\/pages\/731","targetHints":{"allow":["GET"]}}],"collection":[{"href":"https:\/\/alicemarteau.fr\/index.php\/wp-json\/wp\/v2\/pages"}],"about":[{"href":"https:\/\/alicemarteau.fr\/index.php\/wp-json\/wp\/v2\/types\/page"}],"author":[{"embeddable":true,"href":"https:\/\/alicemarteau.fr\/index.php\/wp-json\/wp\/v2\/users\/2"}],"replies":[{"embeddable":true,"href":"https:\/\/alicemarteau.fr\/index.php\/wp-json\/wp\/v2\/comments?post=731"}],"version-history":[{"count":19,"href":"https:\/\/alicemarteau.fr\/index.php\/wp-json\/wp\/v2\/pages\/731\/revisions"}],"predecessor-version":[{"id":1255,"href":"https:\/\/alicemarteau.fr\/index.php\/wp-json\/wp\/v2\/pages\/731\/revisions\/1255"}],"wp:attachment":[{"href":"https:\/\/alicemarteau.fr\/index.php\/wp-json\/wp\/v2\/media?parent=731"}],"curies":[{"name":"wp","href":"https:\/\/api.w.org\/{rel}","templated":true}]}}